{"id":982,"date":"2024-02-14T11:43:54","date_gmt":"2024-02-14T09:43:54","guid":{"rendered":"https:\/\/brendaterapias.org\/?page_id=982"},"modified":"2024-02-20T12:50:42","modified_gmt":"2024-02-20T10:50:42","slug":"politica-de-cookies","status":"publish","type":"page","link":"https:\/\/brendaterapias.org\/en\/politica-de-cookies\/","title":{"rendered":"Pol\u00edtica de Cookies"},"content":{"rendered":"<div data-elementor-type=\"wp-page\" data-elementor-id=\"982\" class=\"elementor elementor-982\" data-elementor-post-type=\"page\">\n\t\t\t\t<div class=\"elementor-element elementor-element-c2e0c6c e-con-full e-flex e-con e-parent\" data-id=\"c2e0c6c\" data-element_type=\"container\" data-e-type=\"container\" data-settings=\"{&quot;background_background&quot;:&quot;classic&quot;}\">\n\t\t\t\t<div class=\"elementor-element elementor-element-fa24f1f elementor-widget elementor-widget-heading\" data-id=\"fa24f1f\" data-element_type=\"widget\" data-e-type=\"widget\" data-widget_type=\"heading.default\">\n\t\t\t\t<div class=\"elementor-widget-container\">\n\t\t\t\t\t<h1 class=\"elementor-heading-title elementor-size-default\">Pol\u00edtica de Cookies<\/h1>\t\t\t\t<\/div>\n\t\t\t\t<\/div>\n\t\t\t\t<div class=\"elementor-element elementor-element-b3920b4 elementor-widget elementor-widget-heading\" data-id=\"b3920b4\" data-element_type=\"widget\" data-e-type=\"widget\" data-widget_type=\"heading.default\">\n\t\t\t\t<div class=\"elementor-widget-container\">\n\t\t\t\t\t<h2 class=\"elementor-heading-title elementor-size-default\">brendaterapias.org<\/h2>\t\t\t\t<\/div>\n\t\t\t\t<\/div>\n\t\t\t\t<\/div>\n\t\t<div class=\"elementor-element elementor-element-dffa458 e-flex e-con-boxed e-con e-parent\" data-id=\"dffa458\" data-element_type=\"container\" data-e-type=\"container\">\n\t\t\t\t\t<div class=\"e-con-inner\">\n\t\t\t\t<div class=\"elementor-element elementor-element-d5a5737 elementor-widget elementor-widget-text-editor\" data-id=\"d5a5737\" data-element_type=\"widget\" data-e-type=\"widget\" data-widget_type=\"text-editor.default\">\n\t\t\t\t<div class=\"elementor-widget-container\">\n\t\t\t\t\t\t\t\t\t<h2><strong>\u00bfQu\u00e9 son las cookies?<\/strong><\/h2><p>Una\u00a0<strong>cookie<\/strong>\u00a0es un\u00a0<strong>peque\u00f1o fichero de texto que se almacena en tu navegador cuando visitas casi cualquier p\u00e1gina web.<\/strong>\u00a0Su utilidad es que la web sea capaz de recordar tu visita cuando vuelva a navegar por esa p\u00e1gina.<\/p><p>Las cookies suelen almacenar informaci\u00f3n de car\u00e1cter t\u00e9cnico, preferencias personales, personalizaci\u00f3n de contenidos, estad\u00edsticas de uso, enlaces a redes sociales, acceso a cuentas de usuario, etc. El objetivo de la cookie es adaptar el contenido de la web a tu perfil y necesidades, sin cookies los servicios ofrecidos por cualquier p\u00e1gina se ver\u00edan mermados notablemente.<\/p><p>Si deseas consultar m\u00e1s informaci\u00f3n sobre qu\u00e9 son las cookies, qu\u00e9 almacenan, c\u00f3mo eliminarlas, desactivarlas, etc., sigue leyendo.<\/p><p>\u00a0<\/p><h2><strong>\u00bfY por qu\u00e9 tengo que informarte sobre las cookies?<\/strong><\/h2><p>Dentro del reglamento LSSI-CE (<a href=\"http:\/\/www.boe.es\/buscar\/doc.php?id=BOE-A-2002-13758\">Ley de la sociedad de la informaci\u00f3n y del comercio electr\u00f3nico<\/a>), hay un apartado dedicado a las cookies que exige, a quienes tenemos una web o un blog que descargue en tu navegador cookies de terceros, informar al usuario sobre el tipo de cookies, la duraci\u00f3n y la finalidad de cada una de ellas.<\/p><p>BrendaTerapias utiliza cookies propias y de terceros para conseguir que tengas una mejor experiencia de navegaci\u00f3n y t\u00fa, como usuario, puedes rechazar el tratamiento de los datos o la informaci\u00f3n bloqueando estas cookies mediante la configuraci\u00f3n de tu navegador.<strong>\u00a0<\/strong><\/p><p>Mi nombre completo es\u00a0<strong>BrendaKelleher<\/strong>\u00a0y mi NIF es\u00a0<strong>Y0416722E<\/strong>. Mi domicilio social est\u00e1 en\u00a0<strong>Alicante<\/strong>, concretamente en la calle Gabriel Miro, 17 (03759, Alicante). La actividad a la que me dedico es al\u00a0<strong>Psicoterapia<\/strong>\u00a0y mi correo electr\u00f3nico es\u00a0<strong>brenda@brendaterapias.org\u00a0<\/strong>y estoy a cargo de la<strong>\u00a0web https:\/\/brendaterapias.org <\/strong><\/p><h2>\u00a0<\/h2><h2><strong>\u00bfQu\u00e9 informaci\u00f3n almacena una cookie?<\/strong><\/h2><p>Las cookies no suelen almacenar informaci\u00f3n confidencial, sino m\u00e1s bien de car\u00e1cter estad\u00edstico o t\u00e9cnico. El servidor web no te identifica a ti como persona, sino a tu navegador web.\u00a0\u00a0<\/p><h2><strong>\u00bfQu\u00e9 tipos de cookies existen?<\/strong><\/h2><ul><li><strong>Cookies t\u00e9cnicas:<\/strong>son las m\u00e1s elementales y permiten, entre otras cosas, saber cu\u00e1ndo est\u00e1 navegando un humano o una aplicaci\u00f3n automatizada, cu\u00e1ndo navega un usuario an\u00f3nimo y uno registrado, tareas b\u00e1sicas para el funcionamiento de cualquier web din\u00e1mica.<\/li><li><strong>Cookies de an\u00e1lisis:<\/strong>recogen informaci\u00f3n sobre el tipo de navegaci\u00f3n que est\u00e9s realizando, las secciones que m\u00e1s utilizas, productos que consultas, franja horaria de uso, idioma, etc.<\/li><li><strong>Cookies publicitarias:<\/strong>muestran publicidad en funci\u00f3n de tu navegaci\u00f3n, tu pa\u00eds de procedencia, idioma, etc.<\/li><\/ul><p>\u00a0<\/p><h2><strong>\u00bfQu\u00e9 son las cookies propias y las de terceros?<\/strong><\/h2><p>Las cookies propias son las generadas por la p\u00e1gina que est\u00e1 visitando y las de terceros son las generadas por servicios o proveedores externos como ActiveCampaign o Facebook.<\/p><p><strong>Cookies propias que utilizo<\/strong><\/p><p>Estos son los tipos de cookies propias que uso en esta web:<\/p><ul><li><strong>Personalizaci\u00f3n<\/strong>: estas cookies me ayudan a recordar con qu\u00e9 personas o sitios web has interactuado, para que pueda mostrarte contenido relacionado.<\/li><li><strong>Preferencias<\/strong>: estas cookies me permiten recordar tus ajustes y preferencias, como el idioma preferido y tu configuraci\u00f3n de privacidad.<\/li><li><strong>Seguridad<\/strong>: estas cookies son para evitarte riesgos de seguridad.<\/li><\/ul><p>\u00a0<\/p><p><strong>Cookies de terceros que utilizo<\/strong><\/p><ul><li><strong>Google Analytics<\/strong>, es un servicio de an\u00e1lisis web prestado por Google, Inc., una compa\u00f1\u00eda de Delaware cuya oficina principal est\u00e1 en el 1600 Amphitheatre Parkway, Mountain View (California), CA 94043, Estados Unidos (\u201cGoogle\u201d). Ayuda al blog a analizar el uso que hacen los usuarios y mejorar la usabilidad del mismo, pero en ning\u00fan caso se asocian a datos que pudieran llegar a identificar al usuario.Puedes consultar\u00a0<a href=\"https:\/\/www.google.es\/intl\/es\/policies\/technologies\/types\/\">aqu\u00ed<\/a>el tipo de cookies utilizadas por Google adem\u00e1s de la cookie de Google+ y Google Maps.<\/li><li>Las generadas por<strong>WordPress<\/strong>, propiedad de la empresa norteamericana Automattic, Inc. Por eso los usos de sus cookies no est\u00e1n bajo mi control ni mi gesti\u00f3n. Pueden cambiar su funci\u00f3n en cualquier momento y entrar cookies nuevas. Puedes consultarlas en\u00a0<a href=\"https:\/\/wordpress.org\/about\/privacy\/\">su pol\u00edtica de privacidad<\/a>.<\/li><li>Plataformas de\u00a0<strong>servicios de afiliaci\u00f3n<\/strong>que instalan cookies de navegador para hacer seguimiento de las ventas que se hacen. Es decir, que, si te recomiendo por ejemplo un producto de hosting del que soy afiliada y acabas contrat\u00e1ndolo, estas cookies servir\u00e1n para informar al proveedor de que lo has hecho usando mi enlace de afiliada.<\/li><li><strong>Cookies de redes sociales<\/strong>que tienen sus propias pol\u00edticas, por lo que las implicaciones de privacidad ser\u00e1n en funci\u00f3n de cada red social y depender\u00e1n de la configuraci\u00f3n de privacidad que haya en esa red. \u00a0<\/li><\/ul><p>\u00a0<\/p><h2><strong>\u00bfQuieres gestionar y desactivar estas cookies?<\/strong><\/h2><p>Si es as\u00ed, puedes configurar tu navegador para que rechace las cookies, ya sean todas o solo las cookies de terceros. Tambi\u00e9n puedes eliminar las que ya se encuentran en tu equipo.<\/p><p>Para ello, aqu\u00ed te dejo c\u00f3mo hacerlo dependiendo del navegador que utilices:<\/p><ol><li><a href=\"http:\/\/support.google.com\/chrome\/bin\/answer.py?hl=es-419&amp;answer=95647\"><strong>Google Chrome<\/strong><\/a><\/li><li><a href=\"http:\/\/windows.microsoft.com\/es-xl\/internet-explorer\/delete-manage-cookies#ie=ie-10\"><strong>Internet Explorer<\/strong><\/a><\/li><li><a href=\"http:\/\/support.mozilla.org\/es\/kb\/habilitar-y-deshabilitar-cookies-que-los-sitios-we\"><strong>Mozilla Firefox<\/strong><\/a><\/li><li><a href=\"http:\/\/support.apple.com\/kb\/HT1677?viewlocale=es_ES%20%97%20http:\/\/support.apple.com\/kb\/ph5042\"><strong>Apple Safari<\/strong><\/a><\/li><\/ol><p>\u00a0<\/p><p>Tambi\u00e9n puedes consultar el reglamento sobre cookies publicado por la Agencia Espa\u00f1ola de Protecci\u00f3n de Datos en su\u00a0<a href=\"http:\/\/www.agpd.es\/portalwebAGPD\/canaldocumentacion\/publicaciones\/common\/Guias\/Guia_Cookies.pdf\"><strong>\u201cGu\u00eda sobre el uso de las cookies\u201d<\/strong><\/a>\u00a0y obtener m\u00e1s informaci\u00f3n sobre las cookies en Internet:\u00a0<a href=\"http:\/\/www.aboutcookies.org\/\">http:\/\/www.aboutcookies.org\/<\/a><\/p><p>Espero que con toda esta informaci\u00f3n te haya servido para aclarar tus dudas sobre las cookies. Si no es as\u00ed, puedes contactar conmigo en\u00a0<a href=\"mailto:brenda@brendaterapias.org\" target=\"_blank\" rel=\"noopener\"><strong>brenda@brendaterapias.<\/strong><strong>org<\/strong><\/a><\/p>\t\t\t\t\t\t\t\t<\/div>\n\t\t\t\t<\/div>\n\t\t\t\t\t<\/div>\n\t\t\t\t<\/div>\n\t\t\t\t<\/div>","protected":false},"excerpt":{"rendered":"<p>Pol\u00edtica de Cookies brendaterapias.org \u00bfQu\u00e9 son las cookies? Una\u00a0cookie\u00a0es un\u00a0peque\u00f1o fichero de texto que se almacena en tu navegador cuando visitas casi cualquier p\u00e1gina web.\u00a0Su utilidad es que la web sea capaz de recordar tu visita cuando vuelva a navegar por esa p\u00e1gina. Las cookies suelen almacenar informaci\u00f3n de car\u00e1cter t\u00e9cnico, preferencias personales, personalizaci\u00f3n de [&hellip;]<\/p>\n","protected":false},"author":2,"featured_media":0,"parent":0,"menu_order":0,"comment_status":"closed","ping_status":"closed","template":"","meta":{"footnotes":""},"class_list":["post-982","page","type-page","status-publish","hentry"],"yoast_head":"<!-- This site is optimized with the Yoast SEO plugin v27.5 - https:\/\/yoast.com\/product\/yoast-seo-wordpress\/ -->\n<title>Pol\u00edtica de Cookies - Brenda Terapias<\/title>\n<meta name=\"robots\" content=\"index, nofollow, max-snippet:-1, max-image-preview:large, max-video-preview:-1\" \/>\n<link rel=\"canonical\" href=\"https:\/\/brendaterapias.org\/en\/politica-de-cookies\/\" \/>\n<meta property=\"og:locale\" content=\"en_GB\" \/>\n<meta property=\"og:type\" content=\"article\" \/>\n<meta property=\"og:title\" content=\"Pol\u00edtica de Cookies - Brenda Terapias\" \/>\n<meta property=\"og:description\" content=\"Pol\u00edtica de Cookies brendaterapias.org \u00bfQu\u00e9 son las cookies? Una\u00a0cookie\u00a0es un\u00a0peque\u00f1o fichero de texto que se almacena en tu navegador cuando visitas casi cualquier p\u00e1gina web.\u00a0Su utilidad es que la web sea capaz de recordar tu visita cuando vuelva a navegar por esa p\u00e1gina. Las cookies suelen almacenar informaci\u00f3n de car\u00e1cter t\u00e9cnico, preferencias personales, personalizaci\u00f3n de [&hellip;]\" \/>\n<meta property=\"og:url\" content=\"https:\/\/brendaterapias.org\/en\/politica-de-cookies\/\" \/>\n<meta property=\"og:site_name\" content=\"Brenda Terapias\" \/>\n<meta property=\"article:publisher\" content=\"https:\/\/www.facebook.com\/BrendaGestaltFamilyConstellationsParentingDance\/\" \/>\n<meta property=\"article:modified_time\" content=\"2024-02-20T10:50:42+00:00\" \/>\n<meta name=\"twitter:card\" content=\"summary_large_image\" \/>\n<meta name=\"twitter:label1\" content=\"Estimated reading time\" \/>\n\t<meta name=\"twitter:data1\" content=\"4 minutes\" \/>\n<script type=\"application\/ld+json\" class=\"yoast-schema-graph\">{\"@context\":\"https:\\\/\\\/schema.org\",\"@graph\":[{\"@type\":\"WebPage\",\"@id\":\"https:\\\/\\\/brendaterapias.org\\\/politica-de-cookies\\\/\",\"url\":\"https:\\\/\\\/brendaterapias.org\\\/politica-de-cookies\\\/\",\"name\":\"Pol\u00edtica de Cookies - Brenda Terapias\",\"isPartOf\":{\"@id\":\"https:\\\/\\\/brendaterapias.org\\\/#website\"},\"datePublished\":\"2024-02-14T09:43:54+00:00\",\"dateModified\":\"2024-02-20T10:50:42+00:00\",\"breadcrumb\":{\"@id\":\"https:\\\/\\\/brendaterapias.org\\\/politica-de-cookies\\\/#breadcrumb\"},\"inLanguage\":\"en-GB\",\"potentialAction\":[{\"@type\":\"ReadAction\",\"target\":[\"https:\\\/\\\/brendaterapias.org\\\/politica-de-cookies\\\/\"]}]},{\"@type\":\"BreadcrumbList\",\"@id\":\"https:\\\/\\\/brendaterapias.org\\\/politica-de-cookies\\\/#breadcrumb\",\"itemListElement\":[{\"@type\":\"ListItem\",\"position\":1,\"name\":\"Portada\",\"item\":\"https:\\\/\\\/brendaterapias.org\\\/\"},{\"@type\":\"ListItem\",\"position\":2,\"name\":\"Pol\u00edtica de Cookies\"}]},{\"@type\":\"WebSite\",\"@id\":\"https:\\\/\\\/brendaterapias.org\\\/#website\",\"url\":\"https:\\\/\\\/brendaterapias.org\\\/\",\"name\":\"Brenda Terapias\",\"description\":\"Psic\u00f3loga en La Marina Alta\",\"publisher\":{\"@id\":\"https:\\\/\\\/brendaterapias.org\\\/#organization\"},\"potentialAction\":[{\"@type\":\"SearchAction\",\"target\":{\"@type\":\"EntryPoint\",\"urlTemplate\":\"https:\\\/\\\/brendaterapias.org\\\/?s={search_term_string}\"},\"query-input\":{\"@type\":\"PropertyValueSpecification\",\"valueRequired\":true,\"valueName\":\"search_term_string\"}}],\"inLanguage\":\"en-GB\"},{\"@type\":\"Organization\",\"@id\":\"https:\\\/\\\/brendaterapias.org\\\/#organization\",\"name\":\"Brenda Terapias\",\"url\":\"https:\\\/\\\/brendaterapias.org\\\/\",\"logo\":{\"@type\":\"ImageObject\",\"inLanguage\":\"en-GB\",\"@id\":\"https:\\\/\\\/brendaterapias.org\\\/#\\\/schema\\\/logo\\\/image\\\/\",\"url\":\"https:\\\/\\\/brendaterapias.org\\\/wp-content\\\/uploads\\\/2022\\\/10\\\/logo-ok.png\",\"contentUrl\":\"https:\\\/\\\/brendaterapias.org\\\/wp-content\\\/uploads\\\/2022\\\/10\\\/logo-ok.png\",\"width\":464,\"height\":222,\"caption\":\"Brenda Terapias\"},\"image\":{\"@id\":\"https:\\\/\\\/brendaterapias.org\\\/#\\\/schema\\\/logo\\\/image\\\/\"},\"sameAs\":[\"https:\\\/\\\/www.facebook.com\\\/BrendaGestaltFamilyConstellationsParentingDance\\\/\"]}]}<\/script>\n<!-- \/ Yoast SEO plugin. -->","yoast_head_json":{"title":"Pol\u00edtica de Cookies - Brenda Terapias","robots":{"index":"index","follow":"nofollow","max-snippet":"max-snippet:-1","max-image-preview":"max-image-preview:large","max-video-preview":"max-video-preview:-1"},"canonical":"https:\/\/brendaterapias.org\/en\/politica-de-cookies\/","og_locale":"en_GB","og_type":"article","og_title":"Pol\u00edtica de Cookies - Brenda Terapias","og_description":"Pol\u00edtica de Cookies brendaterapias.org \u00bfQu\u00e9 son las cookies? Una\u00a0cookie\u00a0es un\u00a0peque\u00f1o fichero de texto que se almacena en tu navegador cuando visitas casi cualquier p\u00e1gina web.\u00a0Su utilidad es que la web sea capaz de recordar tu visita cuando vuelva a navegar por esa p\u00e1gina. Las cookies suelen almacenar informaci\u00f3n de car\u00e1cter t\u00e9cnico, preferencias personales, personalizaci\u00f3n de [&hellip;]","og_url":"https:\/\/brendaterapias.org\/en\/politica-de-cookies\/","og_site_name":"Brenda Terapias","article_publisher":"https:\/\/www.facebook.com\/BrendaGestaltFamilyConstellationsParentingDance\/","article_modified_time":"2024-02-20T10:50:42+00:00","twitter_card":"summary_large_image","twitter_misc":{"Estimated reading time":"4 minutes"},"schema":{"@context":"https:\/\/schema.org","@graph":[{"@type":"WebPage","@id":"https:\/\/brendaterapias.org\/politica-de-cookies\/","url":"https:\/\/brendaterapias.org\/politica-de-cookies\/","name":"Pol\u00edtica de Cookies - Brenda Terapias","isPartOf":{"@id":"https:\/\/brendaterapias.org\/#website"},"datePublished":"2024-02-14T09:43:54+00:00","dateModified":"2024-02-20T10:50:42+00:00","breadcrumb":{"@id":"https:\/\/brendaterapias.org\/politica-de-cookies\/#breadcrumb"},"inLanguage":"en-GB","potentialAction":[{"@type":"ReadAction","target":["https:\/\/brendaterapias.org\/politica-de-cookies\/"]}]},{"@type":"BreadcrumbList","@id":"https:\/\/brendaterapias.org\/politica-de-cookies\/#breadcrumb","itemListElement":[{"@type":"ListItem","position":1,"name":"Portada","item":"https:\/\/brendaterapias.org\/"},{"@type":"ListItem","position":2,"name":"Pol\u00edtica de Cookies"}]},{"@type":"WebSite","@id":"https:\/\/brendaterapias.org\/#website","url":"https:\/\/brendaterapias.org\/","name":"Brenda Terapias","description":"Psychologist in the Marina Alta","publisher":{"@id":"https:\/\/brendaterapias.org\/#organization"},"potentialAction":[{"@type":"SearchAction","target":{"@type":"EntryPoint","urlTemplate":"https:\/\/brendaterapias.org\/?s={search_term_string}"},"query-input":{"@type":"PropertyValueSpecification","valueRequired":true,"valueName":"search_term_string"}}],"inLanguage":"en-GB"},{"@type":"Organization","@id":"https:\/\/brendaterapias.org\/#organization","name":"Brenda Terapias","url":"https:\/\/brendaterapias.org\/","logo":{"@type":"ImageObject","inLanguage":"en-GB","@id":"https:\/\/brendaterapias.org\/#\/schema\/logo\/image\/","url":"https:\/\/brendaterapias.org\/wp-content\/uploads\/2022\/10\/logo-ok.png","contentUrl":"https:\/\/brendaterapias.org\/wp-content\/uploads\/2022\/10\/logo-ok.png","width":464,"height":222,"caption":"Brenda Terapias"},"image":{"@id":"https:\/\/brendaterapias.org\/#\/schema\/logo\/image\/"},"sameAs":["https:\/\/www.facebook.com\/BrendaGestaltFamilyConstellationsParentingDance\/"]}]}},"_links":{"self":[{"href":"https:\/\/brendaterapias.org\/en\/wp-json\/wp\/v2\/pages\/982","targetHints":{"allow":["GET"]}}],"collection":[{"href":"https:\/\/brendaterapias.org\/en\/wp-json\/wp\/v2\/pages"}],"about":[{"href":"https:\/\/brendaterapias.org\/en\/wp-json\/wp\/v2\/types\/page"}],"author":[{"embeddable":true,"href":"https:\/\/brendaterapias.org\/en\/wp-json\/wp\/v2\/users\/2"}],"replies":[{"embeddable":true,"href":"https:\/\/brendaterapias.org\/en\/wp-json\/wp\/v2\/comments?post=982"}],"version-history":[{"count":19,"href":"https:\/\/brendaterapias.org\/en\/wp-json\/wp\/v2\/pages\/982\/revisions"}],"predecessor-version":[{"id":1219,"href":"https:\/\/brendaterapias.org\/en\/wp-json\/wp\/v2\/pages\/982\/revisions\/1219"}],"wp:attachment":[{"href":"https:\/\/brendaterapias.org\/en\/wp-json\/wp\/v2\/media?parent=982"}],"curies":[{"name":"wp","href":"https:\/\/api.w.org\/{rel}","templated":true}]}}