{"id":996,"date":"2024-02-14T11:49:42","date_gmt":"2024-02-14T09:49:42","guid":{"rendered":"https:\/\/brendaterapias.org\/?page_id=996"},"modified":"2024-02-20T12:51:12","modified_gmt":"2024-02-20T10:51:12","slug":"politica-de-privacidad","status":"publish","type":"page","link":"https:\/\/brendaterapias.org\/en\/politica-de-privacidad\/","title":{"rendered":"Privacy Policy"},"content":{"rendered":"<div data-elementor-type=\"wp-page\" data-elementor-id=\"996\" class=\"elementor elementor-996\" data-elementor-post-type=\"page\">\n\t\t\t\t<div class=\"elementor-element elementor-element-c2e0c6c e-con-full e-flex e-con e-parent\" data-id=\"c2e0c6c\" data-element_type=\"container\" data-e-type=\"container\" data-settings=\"{&quot;background_background&quot;:&quot;classic&quot;}\">\n\t\t\t\t<div class=\"elementor-element elementor-element-fa24f1f elementor-widget elementor-widget-heading\" data-id=\"fa24f1f\" data-element_type=\"widget\" data-e-type=\"widget\" data-widget_type=\"heading.default\">\n\t\t\t\t<div class=\"elementor-widget-container\">\n\t\t\t\t\t<h1 class=\"elementor-heading-title elementor-size-default\">Privacy Policy<\/h1>\t\t\t\t<\/div>\n\t\t\t\t<\/div>\n\t\t\t\t<div class=\"elementor-element elementor-element-b3920b4 elementor-widget elementor-widget-heading\" data-id=\"b3920b4\" data-element_type=\"widget\" data-e-type=\"widget\" data-widget_type=\"heading.default\">\n\t\t\t\t<div class=\"elementor-widget-container\">\n\t\t\t\t\t<h2 class=\"elementor-heading-title elementor-size-default\">brendaterapias.org<\/h2>\t\t\t\t<\/div>\n\t\t\t\t<\/div>\n\t\t\t\t<\/div>\n\t\t<div class=\"elementor-element elementor-element-dffa458 e-flex e-con-boxed e-con e-parent\" data-id=\"dffa458\" data-element_type=\"container\" data-e-type=\"container\">\n\t\t\t\t\t<div class=\"e-con-inner\">\n\t\t\t\t<div class=\"elementor-element elementor-element-d5a5737 elementor-widget elementor-widget-text-editor\" data-id=\"d5a5737\" data-element_type=\"widget\" data-e-type=\"widget\" data-widget_type=\"text-editor.default\">\n\t\t\t\t<div class=\"elementor-widget-container\">\n\t\t\t\t\t\t\t\t\t<h2><strong>Registro de Datos de Car\u00e1cter Personal<\/strong><\/h2><p>Los datos personales que me facilites ser\u00e1n incorporados a un fichero de mi propiedad (Brenda Kelleher) que cumple con las medidas de seguridad exigidas por la ley, de acuerdo con la\u00a0<a href=\"https:\/\/www.boe.es\/buscar\/doc.php?id=BOE-A-2018-16673\"><strong>Ley Org\u00e1nica 3\/2018, de 5 de diciembre, de Protecci\u00f3n de Datos Personales y garant\u00eda de los derechos digitales.<\/strong><\/a><\/p><p>Estos datos los utilizar\u00e9 \u00fanicamente para gestionar los servicios o productos que contrates conmigo, as\u00ed como para informarte de las novedades y promociones comerciales de Marketing Lib\u00e9lula\u00a0e Inspira el Cambio.<\/p><p>Por ello, salvo que me indiques lo contrario envi\u00e1ndome un email a <u>brenda@brendaterapias.org<\/u>, y cumpliendo con lo que establece el art\u00edculo 22 de la Ley 34\/2002, de 11 de julio, de Servicios de la Sociedad de la Informaci\u00f3n y de Comercio Electr\u00f3nico (LSSI), me autorizas a enviarte comunicaciones comerciales por email.<\/p><p><strong>No te preocupes porque me encargar\u00e9 de enviarte solo aquellos emails que crean que de verdad te aporten valor<\/strong>. De todas formas, puedes acceder, cancelar, rectificar u oponerte a cualquier dato que guarde de ti, enviando la solicitud acreditada con el DNI correspondiente a la siguiente direcci\u00f3n: Brenda Kelleher, Calle Gabriel Miro 17, Benidoleig 03759, Alicante, o escribi\u00e9ndome un correo electr\u00f3nico a <u>brenda@brendaterapias.org<\/u>.<\/p><p>S\u00ed concretamente lo que quieres desuscribirte de mis correos tambi\u00e9n podr\u00e1s hacerlo directamente al final de cada correo que te env\u00edo.<\/p><p>Durante el tiempo en el que tenga tus datos personales, me ajustar\u00e9 a las exigencias del nuevo reglamento europeo de protecci\u00f3n de datos. \u00bfQu\u00e9 significa esto? Pues que aplicar\u00e9 estos cuatro principios:<\/p><ul><li><strong>Principio de licitud, lealtad y transparencia<\/strong>: siempre voy a requerir tu visto bueno para tratar tus datos personales, no sin antes informarte para qu\u00e9 los necesito.<\/li><li><strong>Principio de minimizaci\u00f3n de datos<\/strong>: solo te pedir\u00e9 los datos necesarios, ni uno m\u00e1s.<\/li><li><strong>Principio de limitaci\u00f3n del plazo de conservaci\u00f3n<\/strong>: el plazo de conservaci\u00f3n ser\u00e1 \u00fanicamente el necesario. En el caso de los los suscriptores, de vez en cuando revisar\u00e9 mis listas y eliminar\u00e9 aquellos registros inactivos durante un tiempo.<\/li><li><strong>Principio de integridad y confidencialidad<\/strong>: tus datos ser\u00e1n tratados de tal manera que se garantice una seguridad adecuada de los datos personales y se garantice confidencialidad.<\/li><\/ul><p>\u00a0<\/p><h2><strong>\u00bfEn qu\u00e9 momento recoger\u00e9 tus datos personales?<\/strong><\/h2><p>Tus datos personales llegar\u00e1n a m\u00ed a trav\u00e9s de cualquiera de estas v\u00edas:<\/p><ol><li>Cuando rellenes cualquier\u00a0<strong>formulario de contacto<\/strong>o solicitud de informaci\u00f3n de servicios o bien te apuntes a mi lista de espera.<\/li><li>Cuando rellenes cualquier formulario para\u00a0<strong>dejar un comentario<\/strong>en la web.<\/li><li>Cuando rellenes cualquier\u00a0<strong>formulario en el blog para suscribirte o descargarte contenidos gratuitos<\/strong>en los que previamente te pido tu email.<\/li><li>Cuando te\u00a0<strong>inscribas a algunos de los servicios de psicoterapia conmigo.<\/strong><\/li><li>Para garantizar el cumplimiento de las condiciones de uso y la ley aplicable. Esto puede incluir desarrollo de herramientas y algoritmos que ayudan a esta web a garantizar la confidencialidad de los datos personales que recoge<\/li><\/ol><p>Todos tus datos los utilizar\u00e9 siempre bajo tu consentimiento, \u00fanicamente para lo que te estoy describiendo en la presente Pol\u00edtica de Privacidad y en el\u00a0Aviso Legal.<\/p><p>Las finalidades con las que se recogen y gestionan datos en brendaterapias.org\u00a0son estas en funci\u00f3n de cada formulario:<\/p><p><em>(1) Formularios de solicitud de contacto y solicitud de servicios<\/em><\/p><p>Los\u00a0<strong>formularios de contacto<\/strong>, informaci\u00f3n y lista de espera tienen como objetivo ponernos en contacto para poder asesorarte sobre qu\u00e9 servicio te conviene m\u00e1s. Cuando llegas al formulario de servicios, tendr\u00e1s que dejarme tu nombre, n\u00famero de tel\u00e9fono y email. Te informo que los datos que me facilitas estar\u00e1n ubicados en los servidores de Raiola (mi proveedor de hosting) dentro de la UE.<\/p><p><em>(2) Formulario de comentarios<\/em><\/p><p><strong>Te solicitar\u00e9 tu nombre, email y n\u00famero de tel\u00e9fono para poder responder a tus comentarios<\/strong>\u00a0y mensajes. Por ejemplo, puedo utilizar esos datos para ajustar mejor mi respuesta. Te informo que los datos que me facilitas estar\u00e1n ubicados en los servidores de Raiola dentro de la UE.<\/p><p>Tambi\u00e9n tratar\u00e9 tus datos por otras razones, como pueden ser:<\/p><ul><li>Para mejorar los servicios y contenidos que ofrece esta web.<\/li><li>Tambi\u00e9n se recogen otros datos no identificativos que se obtienen mediante algunas cookies que se descargan en el ordenador del usuario cuando navega en este blog y que detallo en la pol\u00edtica de cookies.<\/li><li>Para gestionar las redes sociales. Tratar\u00e9 tus datos con las finalidades de administrar correctamente mi presencia en la red social, informando de actividades, productos o servicios de brendaterapias.org<\/li><\/ul><p>\u27a4 De acuerdo a lo establecido en el reglamento general de protecci\u00f3n de datos europeo (RGPD) 2016\/679, Brenda Kelleher con domicilio en Calle Gabriel Miro, 17 (03759, Alicante) ser\u00e1 responsable del tratamiento de los datos correspondientes a los usuarios de brendaterapias.org<\/p><p>Jam\u00e1s ceder\u00e9 tus datos previos a terceros, a no ser que tenga tu consentimiento previo, y nunca utilizar\u00e9 tu informaci\u00f3n para nada que no aparezca en estas l\u00edneas.<\/p><p>No te olvides que siempre podr\u00e1s darte de baja cuando recibas uno de mis emails, tanto haciendo clic en \u201cDarte de Baja\u201d que aparece justo al final del email, como envi\u00e1ndome un correo a <a href=\"mailto:hola@marketinglibelula.com\"><strong>brendarendaterapias.org<\/strong><\/a><\/p><p>\u00a0<\/p><h2><strong>Despu\u00e9s de todo esto, \u00bfquieres saber cu\u00e1les son tus derechos?<\/strong><\/h2><p>Como Usuario de brendaterapias.org, puedes:<\/p><ul><li>Solicitar el\u00a0<strong>acceso a tus datos personales<\/strong><\/li><li>Solicitar su\u00a0<strong>rectificaci\u00f3n<\/strong>o\u00a0<strong>supresi\u00f3n<\/strong><\/li><li>Solicitar la\u00a0<strong>limitaci\u00f3n de su tratamiento<\/strong><\/li><li>Oponerte al\u00a0<strong>tratamiento<\/strong><\/li><\/ul><p>Para ejercer tus derechos, es necesario que lo hagas de manera personal, poni\u00e9ndote directamente en contacto conmigo.<\/p><p>Es importante tambi\u00e9n que sepas que tienes derecho a la tutela judicial efectiva y a presentar una reclamaci\u00f3n ante la autoridad de control, en este caso, la\u00a0<a href=\"https:\/\/www.agpd.es\/portalwebAGPD\/index-ides-idphp.php\">Agencia Espa\u00f1ola de Protecci\u00f3n de Datos<\/a>, si consideras que el tratamiento de datos personales infringe el reglamento.<\/p><p>\u00a0<\/p><h2><strong>Otras cuestiones que te pueden interesar:<\/strong><\/h2><p>\u00a0<\/p><p><strong>Legitimaci\u00f3n para el tratamiento de tus datos<\/strong><\/p><p>La base legal para el tratamiento de tus datos es el\u00a0<strong>consentimiento<\/strong>, es decir, para contactar o suscribirte es necesario que aceptes la pol\u00edtica de privacidad. Las categor\u00edas de los datos que se tratan en este blog son simplemente datos identificativos<\/p><p>\u00a0<\/p><p><strong>\u00bfPor cu\u00e1nto tiempo conservar\u00e1s mis datos?<\/strong><\/p><p>Los datos personales que me proporciones se conservar\u00e1n sencillamente hasta que me pidas que los elimine.<\/p><p>\u00a0<\/p><p><strong>\u00bfA qu\u00e9 destinatarios se comunicar\u00e1n mis datos?<\/strong><\/p><p>Para poder prestar servicios estrictamente necesarios para el desarrollo de marketinglibelula.com e inspiraelcambio.com, comparto datos con los siguientes prestadores bajo sus correspondientes condiciones de privacidad:<\/p><ul><li><a href=\"https:\/\/www.google.es\/intl\/es\/analytics\/\"><strong>Google Analytics<\/strong><\/a>un servicio anal\u00edtico de web prestado por Google, Inc., una compa\u00f1\u00eda de Delaware cuya oficina principal est\u00e1 en 1600 Amphitheatre Parkway, Mountain View (California), CA 94043, Estados Unidos (\u201cGoogle\u201d). Utiliza \u201ccookies\u201d, que son archivos de texto ubicados en tu ordenador, para ayudar\u00a0 a analizar el uso que hacen los usuarios del blog, es decir, pueden recoger datos no identificables, como direcciones IP, ubicaci\u00f3n geogr\u00e1fica (aproximadamente), un registro de c\u00f3mo se utilizan los servicios y sitios, y otros datos que no pueden ser utilizados para identificar al usuario.<\/li><li><strong>Hosting:<\/strong><a href=\"https:\/\/raiolanetworks.es\/\"><strong>Raiola Networks, S.L.<\/strong><\/a>, con domicilio en Espa\u00f1a, trata los datos con la finalidad de realizar sus servicios de hosting a marketinglibelula.com e inspiraelcambio.com<\/li><li><strong>Plataforma web:<\/strong><a href=\"https:\/\/es.wordpress.com\/\"><strong>Automattic Inc.<\/strong><\/a>, con domicilio en EEUU, \u00a0trata los datos con la finalidad de realizar sus servicios de plataforma web (WordPress.org) a Brenda Kelleher.<\/li><li><strong>Gesti\u00f3n de documentos y archivos<\/strong>:\u00a0<a href=\"https:\/\/www.google.com\/intl\/es_ALL\/drive\/\"><strong>Google Drive<\/strong><\/a>, fuera de la UE en EEUU, trata tus datos para hacerte mejor seguimiento durante los cursos.<\/li><\/ul><p>\u00a0<\/p><p><strong>Secreto y seguridad de los datos<\/strong><\/p><p>Cuando navegues por brendaterapias.org podr\u00e1s hacerlo sabiendo que estoy cuidando de tus datos personales, respetando tu confidencialidad. Tambi\u00e9n estar\u00e9 cuidando de mi obligaci\u00f3n de\u00a0guardarlos y adaptar todas las medidas para evitar la alteraci\u00f3n, p\u00e9rdida, tratamiento o acceso no autorizado, tal y como establece la normativa vigente de protecci\u00f3n de datos.<\/p><p>Brendaterapias.org tambi\u00e9n incluye certificado SSL, lo que\u00a0hace que tus datos viajen de manera \u00edntegra y segura. Si alguna vez se presentara alg\u00fan problema de seguridad, te avisar\u00e9 en cuanto me de cuenta de ello y te dar\u00e9 toda la informaci\u00f3n necesaria.<\/p><p>\u00a0<\/p><p><strong>Exactitud y veracidad de los datos<\/strong><\/p><p>Como Usuario, eres el \u00fanico responsable de la veracidad de tus datos y responder\u00e1s, en cualquier caso, de la exactitud, vigencia y autenticidad de los datos personales facilitados, comprometi\u00e9ndote a mantenerlos debidamente actualizados.<\/p><p>\u00a0<\/p><p><strong>Aceptaci\u00f3n y Consentimiento<\/strong><\/p><p>Una pol\u00edtica de privacidad es un contrato entre t\u00fa y yo para poder entendernos, por lo que es necesario que la hayas le\u00eddo y est\u00e9s conforme con estas condiciones sobre la protecci\u00f3n de datos de car\u00e1cter personal, aceptando y consintiendo el tratamiento de los mismos por mi parte (Ana Sastre L\u00f3pez), en la forma y para las finalidades que te he indicado en esta pol\u00edtica y en el aviso legal.<\/p><p>El consentimiento que me prestas, tanto para el tratamiento como para la cesi\u00f3n de tus datos, es revocable en cualquier momento tal y como te explico en esta Pol\u00edtica de Privacidad para el ejercicio de los\u00a0<strong>derechos ARCO<\/strong>. Esta revocaci\u00f3n en ning\u00fan caso tendr\u00e1 car\u00e1cter retroactivo.<\/p><p>Antes de terminar, quiero confirmarte que, de acuerdo con la LSSICE,\u00a0<strong>no realizo pr\u00e1cticas de SPAM.<\/strong><\/p><p>Eso significa que en cada uno de los formularios que hay en el blog, tienes la posibilidad de dar tu consentimiento expreso para recibir mi newsletter, con independencia de la informaci\u00f3n comercial puntualmente solicitada.<\/p><p>Una \u00faltima nota MUY importante:<\/p><ul><li>Los menores de trece a\u00f1os no podr\u00e1n registrarse en brendaterapias.org sin el consentimiento previo de los padres o tutores para el tratamiento de sus datos personales. Si eres menor de trece a\u00f1os y has accedido a esta web sin autorizaci\u00f3n, no te registres como usuario.<\/li><li>Recuerda que me gusta respetar y cuidar los datos personales de mis usuarios, por lo que me siempre actuar\u00e9 bajo mis reglas en cuanto a tu privacidad:<ul><li>Jam\u00e1s solicito informaci\u00f3n personal que no necesite.<\/li><li>Nunca comparto informaci\u00f3n personal de mis usuarios con nadie.<\/li><li>Tampoco uso tus datos personales con otra finalidad a la que te cuento aqu\u00ed.<\/li><\/ul><\/li><\/ul><p>\u00a0<\/p><p>Y eso es todo. \u00a1Gracias por estar aqu\u00ed!<\/p>\t\t\t\t\t\t\t\t<\/div>\n\t\t\t\t<\/div>\n\t\t\t\t\t<\/div>\n\t\t\t\t<\/div>\n\t\t\t\t<\/div>","protected":false},"excerpt":{"rendered":"<p>Pol\u00edtica de Privacidad brendaterapias.org Registro de Datos de Car\u00e1cter Personal Los datos personales que me facilites ser\u00e1n incorporados a un fichero de mi propiedad (Brenda Kelleher) que cumple con las medidas de seguridad exigidas por la ley, de acuerdo con la\u00a0Ley Org\u00e1nica 3\/2018, de 5 de diciembre, de Protecci\u00f3n de Datos Personales y garant\u00eda de [&hellip;]<\/p>\n","protected":false},"author":2,"featured_media":0,"parent":0,"menu_order":0,"comment_status":"closed","ping_status":"closed","template":"","meta":{"footnotes":""},"class_list":["post-996","page","type-page","status-publish","hentry"],"yoast_head":"<!-- This site is optimized with the Yoast SEO plugin v27.5 - https:\/\/yoast.com\/product\/yoast-seo-wordpress\/ -->\n<title>Pol\u00edtica de Privacidad - Brenda Terapias<\/title>\n<meta name=\"robots\" content=\"index, nofollow, max-snippet:-1, max-image-preview:large, max-video-preview:-1\" \/>\n<link rel=\"canonical\" href=\"https:\/\/brendaterapias.org\/en\/politica-de-privacidad\/\" \/>\n<meta property=\"og:locale\" content=\"en_GB\" \/>\n<meta property=\"og:type\" content=\"article\" \/>\n<meta property=\"og:title\" content=\"Pol\u00edtica de Privacidad - Brenda Terapias\" \/>\n<meta property=\"og:description\" content=\"Pol\u00edtica de Privacidad brendaterapias.org Registro de Datos de Car\u00e1cter Personal Los datos personales que me facilites ser\u00e1n incorporados a un fichero de mi propiedad (Brenda Kelleher) que cumple con las medidas de seguridad exigidas por la ley, de acuerdo con la\u00a0Ley Org\u00e1nica 3\/2018, de 5 de diciembre, de Protecci\u00f3n de Datos Personales y garant\u00eda de [&hellip;]\" \/>\n<meta property=\"og:url\" content=\"https:\/\/brendaterapias.org\/en\/politica-de-privacidad\/\" \/>\n<meta property=\"og:site_name\" content=\"Brenda Terapias\" \/>\n<meta property=\"article:publisher\" content=\"https:\/\/www.facebook.com\/BrendaGestaltFamilyConstellationsParentingDance\/\" \/>\n<meta property=\"article:modified_time\" content=\"2024-02-20T10:51:12+00:00\" \/>\n<meta name=\"twitter:card\" content=\"summary_large_image\" \/>\n<meta name=\"twitter:label1\" content=\"Estimated reading time\" \/>\n\t<meta name=\"twitter:data1\" content=\"8 minutes\" \/>\n<script type=\"application\/ld+json\" class=\"yoast-schema-graph\">{\"@context\":\"https:\\\/\\\/schema.org\",\"@graph\":[{\"@type\":\"WebPage\",\"@id\":\"https:\\\/\\\/brendaterapias.org\\\/politica-de-privacidad\\\/\",\"url\":\"https:\\\/\\\/brendaterapias.org\\\/politica-de-privacidad\\\/\",\"name\":\"Pol\u00edtica de Privacidad - Brenda Terapias\",\"isPartOf\":{\"@id\":\"https:\\\/\\\/brendaterapias.org\\\/#website\"},\"datePublished\":\"2024-02-14T09:49:42+00:00\",\"dateModified\":\"2024-02-20T10:51:12+00:00\",\"breadcrumb\":{\"@id\":\"https:\\\/\\\/brendaterapias.org\\\/politica-de-privacidad\\\/#breadcrumb\"},\"inLanguage\":\"en-GB\",\"potentialAction\":[{\"@type\":\"ReadAction\",\"target\":[\"https:\\\/\\\/brendaterapias.org\\\/politica-de-privacidad\\\/\"]}]},{\"@type\":\"BreadcrumbList\",\"@id\":\"https:\\\/\\\/brendaterapias.org\\\/politica-de-privacidad\\\/#breadcrumb\",\"itemListElement\":[{\"@type\":\"ListItem\",\"position\":1,\"name\":\"Portada\",\"item\":\"https:\\\/\\\/brendaterapias.org\\\/\"},{\"@type\":\"ListItem\",\"position\":2,\"name\":\"Pol\u00edtica de Privacidad\"}]},{\"@type\":\"WebSite\",\"@id\":\"https:\\\/\\\/brendaterapias.org\\\/#website\",\"url\":\"https:\\\/\\\/brendaterapias.org\\\/\",\"name\":\"Brenda Terapias\",\"description\":\"Psic\u00f3loga en La Marina Alta\",\"publisher\":{\"@id\":\"https:\\\/\\\/brendaterapias.org\\\/#organization\"},\"potentialAction\":[{\"@type\":\"SearchAction\",\"target\":{\"@type\":\"EntryPoint\",\"urlTemplate\":\"https:\\\/\\\/brendaterapias.org\\\/?s={search_term_string}\"},\"query-input\":{\"@type\":\"PropertyValueSpecification\",\"valueRequired\":true,\"valueName\":\"search_term_string\"}}],\"inLanguage\":\"en-GB\"},{\"@type\":\"Organization\",\"@id\":\"https:\\\/\\\/brendaterapias.org\\\/#organization\",\"name\":\"Brenda Terapias\",\"url\":\"https:\\\/\\\/brendaterapias.org\\\/\",\"logo\":{\"@type\":\"ImageObject\",\"inLanguage\":\"en-GB\",\"@id\":\"https:\\\/\\\/brendaterapias.org\\\/#\\\/schema\\\/logo\\\/image\\\/\",\"url\":\"https:\\\/\\\/brendaterapias.org\\\/wp-content\\\/uploads\\\/2022\\\/10\\\/logo-ok.png\",\"contentUrl\":\"https:\\\/\\\/brendaterapias.org\\\/wp-content\\\/uploads\\\/2022\\\/10\\\/logo-ok.png\",\"width\":464,\"height\":222,\"caption\":\"Brenda Terapias\"},\"image\":{\"@id\":\"https:\\\/\\\/brendaterapias.org\\\/#\\\/schema\\\/logo\\\/image\\\/\"},\"sameAs\":[\"https:\\\/\\\/www.facebook.com\\\/BrendaGestaltFamilyConstellationsParentingDance\\\/\"]}]}<\/script>\n<!-- \/ Yoast SEO plugin. -->","yoast_head_json":{"title":"Pol\u00edtica de Privacidad - Brenda Terapias","robots":{"index":"index","follow":"nofollow","max-snippet":"max-snippet:-1","max-image-preview":"max-image-preview:large","max-video-preview":"max-video-preview:-1"},"canonical":"https:\/\/brendaterapias.org\/en\/politica-de-privacidad\/","og_locale":"en_GB","og_type":"article","og_title":"Pol\u00edtica de Privacidad - Brenda Terapias","og_description":"Pol\u00edtica de Privacidad brendaterapias.org Registro de Datos de Car\u00e1cter Personal Los datos personales que me facilites ser\u00e1n incorporados a un fichero de mi propiedad (Brenda Kelleher) que cumple con las medidas de seguridad exigidas por la ley, de acuerdo con la\u00a0Ley Org\u00e1nica 3\/2018, de 5 de diciembre, de Protecci\u00f3n de Datos Personales y garant\u00eda de [&hellip;]","og_url":"https:\/\/brendaterapias.org\/en\/politica-de-privacidad\/","og_site_name":"Brenda Terapias","article_publisher":"https:\/\/www.facebook.com\/BrendaGestaltFamilyConstellationsParentingDance\/","article_modified_time":"2024-02-20T10:51:12+00:00","twitter_card":"summary_large_image","twitter_misc":{"Estimated reading time":"8 minutes"},"schema":{"@context":"https:\/\/schema.org","@graph":[{"@type":"WebPage","@id":"https:\/\/brendaterapias.org\/politica-de-privacidad\/","url":"https:\/\/brendaterapias.org\/politica-de-privacidad\/","name":"Pol\u00edtica de Privacidad - Brenda Terapias","isPartOf":{"@id":"https:\/\/brendaterapias.org\/#website"},"datePublished":"2024-02-14T09:49:42+00:00","dateModified":"2024-02-20T10:51:12+00:00","breadcrumb":{"@id":"https:\/\/brendaterapias.org\/politica-de-privacidad\/#breadcrumb"},"inLanguage":"en-GB","potentialAction":[{"@type":"ReadAction","target":["https:\/\/brendaterapias.org\/politica-de-privacidad\/"]}]},{"@type":"BreadcrumbList","@id":"https:\/\/brendaterapias.org\/politica-de-privacidad\/#breadcrumb","itemListElement":[{"@type":"ListItem","position":1,"name":"Portada","item":"https:\/\/brendaterapias.org\/"},{"@type":"ListItem","position":2,"name":"Pol\u00edtica de Privacidad"}]},{"@type":"WebSite","@id":"https:\/\/brendaterapias.org\/#website","url":"https:\/\/brendaterapias.org\/","name":"Brenda Terapias","description":"Psychologist in the Marina Alta","publisher":{"@id":"https:\/\/brendaterapias.org\/#organization"},"potentialAction":[{"@type":"SearchAction","target":{"@type":"EntryPoint","urlTemplate":"https:\/\/brendaterapias.org\/?s={search_term_string}"},"query-input":{"@type":"PropertyValueSpecification","valueRequired":true,"valueName":"search_term_string"}}],"inLanguage":"en-GB"},{"@type":"Organization","@id":"https:\/\/brendaterapias.org\/#organization","name":"Brenda Terapias","url":"https:\/\/brendaterapias.org\/","logo":{"@type":"ImageObject","inLanguage":"en-GB","@id":"https:\/\/brendaterapias.org\/#\/schema\/logo\/image\/","url":"https:\/\/brendaterapias.org\/wp-content\/uploads\/2022\/10\/logo-ok.png","contentUrl":"https:\/\/brendaterapias.org\/wp-content\/uploads\/2022\/10\/logo-ok.png","width":464,"height":222,"caption":"Brenda Terapias"},"image":{"@id":"https:\/\/brendaterapias.org\/#\/schema\/logo\/image\/"},"sameAs":["https:\/\/www.facebook.com\/BrendaGestaltFamilyConstellationsParentingDance\/"]}]}},"_links":{"self":[{"href":"https:\/\/brendaterapias.org\/en\/wp-json\/wp\/v2\/pages\/996","targetHints":{"allow":["GET"]}}],"collection":[{"href":"https:\/\/brendaterapias.org\/en\/wp-json\/wp\/v2\/pages"}],"about":[{"href":"https:\/\/brendaterapias.org\/en\/wp-json\/wp\/v2\/types\/page"}],"author":[{"embeddable":true,"href":"https:\/\/brendaterapias.org\/en\/wp-json\/wp\/v2\/users\/2"}],"replies":[{"embeddable":true,"href":"https:\/\/brendaterapias.org\/en\/wp-json\/wp\/v2\/comments?post=996"}],"version-history":[{"count":13,"href":"https:\/\/brendaterapias.org\/en\/wp-json\/wp\/v2\/pages\/996\/revisions"}],"predecessor-version":[{"id":1225,"href":"https:\/\/brendaterapias.org\/en\/wp-json\/wp\/v2\/pages\/996\/revisions\/1225"}],"wp:attachment":[{"href":"https:\/\/brendaterapias.org\/en\/wp-json\/wp\/v2\/media?parent=996"}],"curies":[{"name":"wp","href":"https:\/\/api.w.org\/{rel}","templated":true}]}}